{"id":12133,"date":"2019-02-27T13:44:34","date_gmt":"2019-02-27T16:44:34","guid":{"rendered":"http:\/\/www.legistdf.gob.ar\/?page_id=12133"},"modified":"2025-01-22T12:30:25","modified_gmt":"2025-01-22T15:30:25","slug":"licencia-por-enfermedad","status":"publish","type":"page","link":"https:\/\/www.legistdf.gob.ar\/index.php\/licencia-por-enfermedad\/","title":{"rendered":"LICENCIA POR ENFERMEDAD"},"content":{"rendered":"<p style=\"text-align: center;\"><strong><u><a href=\"https:\/\/www.legistdf.gob.ar\/index.php\/licencia-por-enfermedad\/\"><span style=\"font-size: 12pt;\">LICENCIA POR ENFERMEDAD<\/span><\/a><\/u><\/strong><\/p>\n<p><strong><u>Direcci\u00f3n de Medicina del Trabajo:<\/u><\/strong><\/p>\n<p><strong>Dependiente de Ministerio de Salud de la Provincia.<\/strong><\/p>\n<ul>\n<li>Correo Electr\u00f3nico: medicinadeltrabajo.sur@tierradelfuego.gob.ar<\/li>\n<\/ul>\n<p>Ushuaia.<\/p>\n<p>(Enviar certificado m\u00e9dico scanner o foto en fondo blanco incluir datos personales, laborales y n\u00famero de tel\u00e9fono.)<\/p>\n<ul>\n<li>En R\u00edo Grande: Piedra Buena N\u00b0 349 \u2013 Tel\u00e9fono (02964) 423111<\/li>\n<\/ul>\n<p>Enviar el certificado a medicina de trabajo dentro de las 48 hs. de extendido el mismo.<\/p>\n<p>&nbsp;<\/p>\n<p style=\"text-align: center;\"><strong><u>DIRECCION DE RECURSOS HUMANOS <\/u><\/strong><\/p>\n<p>&nbsp;<\/p>\n","protected":false},"excerpt":{"rendered":"<p>LICENCIA POR ENFERMEDAD Direcci\u00f3n de Medicina del Trabajo: Dependiente de Ministerio de Salud de la Provincia. Correo Electr\u00f3nico: medicinadeltrabajo.sur@tierradelfuego.gob.ar Ushuaia. (Enviar certificado m\u00e9dico scanner o foto en fondo blanco incluir datos personales, laborales y n\u00famero de tel\u00e9fono.) En R\u00edo Grande: Piedra Buena N\u00b0 349 \u2013 Tel\u00e9fono (02964) 423111 Enviar el certificado a medicina de trabajo [&hellip;]<\/p>\n","protected":false},"author":332,"featured_media":0,"parent":0,"menu_order":0,"comment_status":"closed","ping_status":"closed","template":"","meta":{"jetpack_post_was_ever_published":false,"footnotes":""},"jetpack_sharing_enabled":true,"jetpack-related-posts":[],"_links":{"self":[{"href":"https:\/\/www.legistdf.gob.ar\/index.php\/wp-json\/wp\/v2\/pages\/12133"}],"collection":[{"href":"https:\/\/www.legistdf.gob.ar\/index.php\/wp-json\/wp\/v2\/pages"}],"about":[{"href":"https:\/\/www.legistdf.gob.ar\/index.php\/wp-json\/wp\/v2\/types\/page"}],"author":[{"embeddable":true,"href":"https:\/\/www.legistdf.gob.ar\/index.php\/wp-json\/wp\/v2\/users\/332"}],"replies":[{"embeddable":true,"href":"https:\/\/www.legistdf.gob.ar\/index.php\/wp-json\/wp\/v2\/comments?post=12133"}],"version-history":[{"count":12,"href":"https:\/\/www.legistdf.gob.ar\/index.php\/wp-json\/wp\/v2\/pages\/12133\/revisions"}],"predecessor-version":[{"id":45472,"href":"https:\/\/www.legistdf.gob.ar\/index.php\/wp-json\/wp\/v2\/pages\/12133\/revisions\/45472"}],"wp:attachment":[{"href":"https:\/\/www.legistdf.gob.ar\/index.php\/wp-json\/wp\/v2\/media?parent=12133"}],"curies":[{"name":"wp","href":"https:\/\/api.w.org\/{rel}","templated":true}]}}