{"id":5507,"date":"2018-01-08T12:14:20","date_gmt":"2018-01-08T15:14:20","guid":{"rendered":"http:\/\/www.legistdf.gob.ar\/?page_id=5507"},"modified":"2026-01-16T14:02:34","modified_gmt":"2026-01-16T17:02:34","slug":"contrataciones","status":"publish","type":"page","link":"https:\/\/www.legistdf.gob.ar\/index.php\/contrataciones\/","title":{"rendered":"Contrataciones"},"content":{"rendered":"<p style=\"text-align: center;\"><div class=\"responsive-tabs\">\n<h2 class=\"tabtitle\"><br \/>\nCONTRATACIONES<\/h2>\n<div class=\"tabcontent\">\n<\/p>\n<p style=\"text-align: center;\"><iframe loading=\"lazy\" src=\"https:\/\/docs.google.com\/spreadsheets\/d\/e\/2PACX-1vQUA_4GC5AJCdl-jEzdIfWyW65x16ik4VbMO9cB7qVYtUNTBL02tEz6q7C9fglyTMCLGylDYh3e5aPI\/pubhtml?widget=true&amp;headers=false\" width=\"800\" height=\"600\" data-mce-fragment=\"1\"><span data-mce-type=\"bookmark\" style=\"display: inline-block; width: 0px; overflow: hidden; line-height: 0;\" class=\"mce_SELRES_start\">\ufeff<\/span><span data-mce-type=\"bookmark\" style=\"display: inline-block; width: 0px; overflow: hidden; line-height: 0;\" class=\"mce_SELRES_start\">\ufeff<\/span><span data-mce-type=\"bookmark\" style=\"display: inline-block; width: 0px; overflow: hidden; line-height: 0;\" class=\"mce_SELRES_start\">\ufeff<\/span><\/iframe><\/p>\n<p>&nbsp;<\/p>\n<p style=\"text-align: center;\">\u00a0\n<\/div><h2 class=\"tabtitle\"><br \/>\nPROLEG<\/h2>\n<div class=\"tabcontent\">\n<\/p>\n<p style=\"text-align: center;\"><strong>INFORMACION PROLEG<\/strong><\/p>\n<p>El Registro de Proveedores del Poder Legislativo (PROLEG) tiene como objeto mantener actualizado el listado de personas f\u00edsicas y jur\u00eddicas, que se encuentran inscriptas en el mismo, a fin de ser contratados para la adquisici\u00f3n de bienes, prestaci\u00f3n de servicios y locaci\u00f3n de obras, en el \u00e1mbito del Poder Legislativo de la Provincia de Tierra del Fuego Ant\u00e1rtida e Islas del Atl\u00e1ntico Sur.<\/p>\n<p><strong>CONTRATOS DE ASESORAMIENTO <input type='hidden' bg_collapse_expand='6a04c3b4d23521053970585' value='6a04c3b4d23521053970585'><input type='hidden' id='bg-show-more-text-6a04c3b4d23521053970585' value='+INFO'><input type='hidden' id='bg-show-less-text-6a04c3b4d23521053970585' value='CERRAR'><button id='bg-showmore-action-6a04c3b4d23521053970585' class='bg-showmore-plg-button bg-orange-button bg-eye '   style=\" color:#4a4949;\">+INFO<\/button><div id='bg-showmore-hidden-6a04c3b4d23521053970585' ><\/strong><\/p>\n<ol>\n<li>Contratos de Asesoramiento\n<ol>\n<li>Si Ud posee PROLEG vencido deber\u00e1 solicitarlo a: <a href=\"mailto:compras@legistdf.gob.ar\">compras@legistdf.gob.ar<\/a> incluyendo en formato .PDF:\n<ol>\n<li>Certificado PROTDF Actualizado<\/li>\n<\/ol>\n<\/li>\n<li>Para obtener PROLEG por primera vez, deber\u00e1 solicitarlo a: <a href=\"mailto:compras@legistdf.gob.ar\">compras@legistdf.gob.ar<\/a> incluyendo en formato .PDF la siguiente documentaci\u00f3n:\n<ol>\n<li>DNI Frente y Dorso<\/li>\n<li>Inscripci\u00f3n AFIP y AREF (vigente)<\/li>\n<li>Curriculum Vitae y documentaci\u00f3n de antecedentes, cursos, etc., firmado por el profesional\/asesor<\/li>\n<li>T\u00edtulo profesional habilitante<\/li>\n<li>Matr\u00edcula del colegio correspondiente<\/li>\n<li>Poderes en caso de existir apoderados<\/li>\n<li>Certificado de CBU propiedad del contratado, emitido por el banco o emitido por la p\u00e1gina web del banco<\/li>\n<li>Certificado PROTDF en vigencia<\/li>\n<\/ol>\n<\/li>\n<\/ol>\n<\/li>\n<\/ol>\n<p><strong><\/div><\/strong><\/p>\n<p><strong>CONTRATOS DE PUBLICIDAD\u00a0 \u00a0 \u00a0 \u00a0 \u00a0 <input type='hidden' bg_collapse_expand='6a04c3b4d23797085180691' value='6a04c3b4d23797085180691'><input type='hidden' id='bg-show-more-text-6a04c3b4d23797085180691' value='+INFO'><input type='hidden' id='bg-show-less-text-6a04c3b4d23797085180691' value='CERRAR'><button id='bg-showmore-action-6a04c3b4d23797085180691' class='bg-showmore-plg-button bg-orange-button bg-eye '   style=\" color:#4a4949;\">+INFO<\/button><div id='bg-showmore-hidden-6a04c3b4d23797085180691' ><\/strong><\/p>\n<ol>\n<li>Contratos de Publicidad\n<ol>\n<li>Si Ud posee PROLEG vencido deber\u00e1 solicitarlo a: <a href=\"mailto:compras@legistdf.gob.ar\">compras@legistdf.gob.ar<\/a> incluyendo en formato .PDF:\n<ol>\n<li>Certificado PROTDF en vigencia<\/li>\n<li>Certificado referente al cumplimiento de la normativa laboral vigente expedido por el Ministerio de Trabajo en vigencia<\/li>\n<\/ol>\n<\/li>\n<li>Para obtener PROLEG por primera vez, deber\u00e1 solicitarlo a: <a href=\"mailto:compras@legistdf.gob.ar\">compras@legistdf.gob.ar<\/a> incluyendo en formato .PDF:\n<ol>\n<li>DNI Frente y Dorso (en caso de persona jur\u00eddica: Estatuto, Inscripci\u00f3n y DNI del socio gerente\/presidente)<\/li>\n<li>Inscripci\u00f3n AFIP y AREF (vigente)<\/li>\n<li>Certificado referente al cumplimiento de la normativa laboral vigente expedido por el Ministerio de Trabajo en vigencia<\/li>\n<li>Titularidad de dominio web (en caso de corresponder)<\/li>\n<li>Poderes en caso de existir apoderados<\/li>\n<li>Certificado de CBU propiedad del contratado, emitido por el banco o emitido por la p\u00e1gina web del banco<\/li>\n<li>Certificado PROTDF en vigencia<\/li>\n<\/ol>\n<\/li>\n<\/ol>\n<\/li>\n<\/ol>\n<p><strong><\/div><\/strong><\/p>\n<p><strong>OTROS PROVEEDORES\u00a0 \u00a0 \u00a0 \u00a0 \u00a0 \u00a0 \u00a0 \u00a0 \u00a0 \u00a0 <input type='hidden' bg_collapse_expand='6a04c3b4d238c5039040271' value='6a04c3b4d238c5039040271'><input type='hidden' id='bg-show-more-text-6a04c3b4d238c5039040271' value='+INFO'><input type='hidden' id='bg-show-less-text-6a04c3b4d238c5039040271' value='CERRAR'><button id='bg-showmore-action-6a04c3b4d238c5039040271' class='bg-showmore-plg-button bg-orange-button bg-eye '   style=\" color:#4a4949;\">+INFO<\/button><div id='bg-showmore-hidden-6a04c3b4d238c5039040271' ><\/strong><\/p>\n<ol>\n<li>Otros Proveedores\n<ol>\n<li>Si Ud posee PROLEG vencido deber\u00e1 solicitarlo a:\u00a0<a href=\"mailto:compras@legistdf.gob.ar\">compras@legistdf.gob.ar<\/a>\u00a0incluyendo en formato .PDF:\n<ol>\n<li>Certificado PROTDF en vigencia<\/li>\n<\/ol>\n<\/li>\n<\/ol>\n<\/li>\n<li>Para obtener PROLEG por primera vez, deber\u00e1 solicitarlo a: <a href=\"mailto:compras@legistdf.gob.ar\">compras@legistdf.gob.ar<\/a> incluyendo en formato .PDF:\n<ol>\n<li>DNI Frente y Dorso (en caso de persona jur\u00eddica: 1)Estatuto, 2) Inscripci\u00f3n Registral 3) Constancia de representatividad del firmante 4) DNI del socio gerente\/presidente)<\/li>\n<li>Inscripci\u00f3n AFIP y AREF (vigente)<\/li>\n<li>Poderes en caso de existir apoderados<\/li>\n<li>Certificado de CBU propiedad del contratado, emitido por el banco o emitido por la p\u00e1gina web del banco<\/li>\n<li>Certificado PROTDF en vigencia<\/li>\n<\/ol>\n<\/li>\n<\/ol>\n<p><strong><\/div><\/strong><\/p>\n<p>&nbsp;<\/p>\n<p style=\"text-align: center;\">\n<\/div><h2 class=\"tabtitle\"><br \/>\nFORMULARIOS<\/h2>\n<div class=\"tabcontent\">\n<\/p>\n<ul>\n<li><a href=\"https:\/\/www.legistdf.gob.ar\/wp-content\/uploads\/2021\/12\/Contrato-Asesoramiento-Aprobacion.docx\" target=\"_blank\" rel=\"noopener noreferrer\">Contrato Asesoramiento Aprobacion<\/a><\/li>\n<li><a href=\"https:\/\/www.legistdf.gob.ar\/wp-content\/uploads\/2021\/12\/Contrato-Asesoramiento-Orden-de-Servicio.docx\" target=\"_blank\" rel=\"noopener noreferrer\">Contrato Asesoramiento Orden de Servicio<\/a><\/li>\n<li><a href=\"https:\/\/www.legistdf.gob.ar\/wp-content\/uploads\/2021\/12\/Contrato-Asesoramiento.docx\" target=\"_blank\" rel=\"noopener noreferrer\">Contrato Asesoramiento<\/a><\/li>\n<li><a href=\"https:\/\/www.legistdf.gob.ar\/wp-content\/uploads\/2021\/12\/Contrato-Publicidad-Aprobacion.docx\" target=\"_blank\" rel=\"noopener noreferrer\">Contrato Publicidad Aprobacion<\/a><\/li>\n<li><a href=\"https:\/\/www.legistdf.gob.ar\/wp-content\/uploads\/2021\/12\/Contrato-Publicidad-Orden-de-Publicidad.docx\" target=\"_blank\" rel=\"noopener noreferrer\">Contrato Publicidad Orden de Publicidad<\/a><\/li>\n<li><a href=\"https:\/\/www.legistdf.gob.ar\/wp-content\/uploads\/2021\/12\/Contrato-Publicidad-Persona-Fisica.docx\" target=\"_blank\" rel=\"noopener noreferrer\">Contrato Publicidad Persona Fisica<\/a><\/li>\n<li><a href=\"https:\/\/www.legistdf.gob.ar\/wp-content\/uploads\/2021\/12\/Contrato-Publicidad-Persona-Juridica.docx\" target=\"_blank\" rel=\"noopener noreferrer\">Contrato Publicidad Persona Juridica<\/a><\/li>\n<li><a href=\"https:\/\/www.legistdf.gob.ar\/wp-content\/uploads\/2021\/12\/Solicitud-de-Colaboracion.docx\" target=\"_blank\" rel=\"noopener noreferrer\">Solicitud de Colaboracion<\/a><\/li>\n<\/ul>\n<p>&nbsp;<\/p>\n<p style=\"text-align: center;\">\u00a0 \u00a0 \u00a0 \u00a0 \u00a0 \u00a0 \u00a0 \u00a0 \u00a0 \u00a0 \u00a0 \u00a0 \u00a0 \u00a0 \n<\/div><h2 class=\"tabtitle\"><br \/>\nREGISTROS ASESORAMIENTO<\/h2>\n<div class=\"tabcontent\">\n<\/p>\n<p style=\"text-align: center;\"><iframe loading=\"lazy\" style=\"overflow: hidden; height: 600; width: 800;\" src=\"https:\/\/docs.google.com\/spreadsheets\/d\/e\/2PACX-1vS-TeDyKo6ZhPfp8-eJvxGaKKeyx5mj0qmxw4kUOe55f6Y4UPsYaGQnqGwydOJ4p5B_5oo-svl9n_xl\/pubhtml?\" width=\"800\" height=\"600\" frameborder=\"0\" scrolling=\"no\"><span data-mce-type=\"bookmark\" style=\"display: inline-block; width: 0px; overflow: hidden; line-height: 0;\" class=\"mce_SELRES_start\">\ufeff<\/span><br \/>\n<\/iframe><\/p>\n<p style=\"text-align: center;\">\n<\/div><h2 class=\"tabtitle\"><br \/>\nREGISTROS ADJUDICACIONES<\/h2>\n<div class=\"tabcontent\">\n<br \/>\n<iframe loading=\"lazy\" style=\"overflow: hidden; height: 600; width: 800;\" src=\"https:\/\/docs.google.com\/spreadsheets\/d\/e\/2PACX-1vQjlToM4FlPs2pgQIyV3SedS6BK2LALgYZLsXMtZLVvzEE8NBFV85O4rP5LbnKPF0wqGbjhSjgb5apD\/pubhtml?\" width=\"800\" height=\"600\" frameborder=\"0\" scrolling=\"no\"><br \/>\n<\/iframe><\/p>\n\n<\/div><h2 class=\"tabtitle\"><br \/>\nREGISTROS PUBLICIDAD<\/h2>\n<div class=\"tabcontent\">\n\n<p style=\"text-align: center;\"><iframe loading=\"lazy\" \n  src=\"https:\/\/docs.google.com\/spreadsheets\/d\/e\/2PACX-1vTGnVkym-c_LhmMKXI-EQPfSuubt_hhSNwDnWrbIgO87LJ5CBfsPGPWpOQEQbff8Ay4i49iCC7FWFKR\/pubhtml?gid=1918025030&amp;single=true&amp;widget=false&amp;headers=false\"\n  width=\"100%\" \n  height=\"500\"><br \/>\n<\/iframe><\/p>\n<\/div><\/div>\n","protected":false},"excerpt":{"rendered":"<p>\ufeff\ufeff\ufeff &nbsp; \u00a0 INFORMACION PROLEG El Registro de Proveedores del Poder Legislativo (PROLEG) tiene como objeto mantener actualizado el listado de personas f\u00edsicas y jur\u00eddicas, que se encuentran inscriptas en el mismo, a fin de ser contratados para la adquisici\u00f3n de bienes, prestaci\u00f3n de servicios y locaci\u00f3n de obras, en el \u00e1mbito del Poder Legislativo [&hellip;]<\/p>\n","protected":false},"author":1,"featured_media":0,"parent":0,"menu_order":0,"comment_status":"closed","ping_status":"closed","template":"","meta":{"footnotes":""},"class_list":["post-5507","page","type-page","status-publish","hentry"],"jetpack-related-posts":[],"_links":{"self":[{"href":"https:\/\/www.legistdf.gob.ar\/index.php\/wp-json\/wp\/v2\/pages\/5507","targetHints":{"allow":["GET"]}}],"collection":[{"href":"https:\/\/www.legistdf.gob.ar\/index.php\/wp-json\/wp\/v2\/pages"}],"about":[{"href":"https:\/\/www.legistdf.gob.ar\/index.php\/wp-json\/wp\/v2\/types\/page"}],"author":[{"embeddable":true,"href":"https:\/\/www.legistdf.gob.ar\/index.php\/wp-json\/wp\/v2\/users\/1"}],"replies":[{"embeddable":true,"href":"https:\/\/www.legistdf.gob.ar\/index.php\/wp-json\/wp\/v2\/comments?post=5507"}],"version-history":[{"count":29,"href":"https:\/\/www.legistdf.gob.ar\/index.php\/wp-json\/wp\/v2\/pages\/5507\/revisions"}],"predecessor-version":[{"id":47896,"href":"https:\/\/www.legistdf.gob.ar\/index.php\/wp-json\/wp\/v2\/pages\/5507\/revisions\/47896"}],"wp:attachment":[{"href":"https:\/\/www.legistdf.gob.ar\/index.php\/wp-json\/wp\/v2\/media?parent=5507"}],"curies":[{"name":"wp","href":"https:\/\/api.w.org\/{rel}","templated":true}]}}