{"id":5753,"date":"2018-02-27T09:44:06","date_gmt":"2018-02-27T12:44:06","guid":{"rendered":"http:\/\/www.legistdf.gob.ar\/?page_id=5753"},"modified":"2018-02-28T17:52:27","modified_gmt":"2018-02-28T20:52:27","slug":"ddjj-introduccion","status":"publish","type":"page","link":"https:\/\/www.legistdf.gob.ar\/index.php\/ddjj-introduccion\/","title":{"rendered":"Declaraci\u00f3n Jurada"},"content":{"rendered":"<h5 style=\"text-align: center;\">\u00abDesde el inicio mismo de su gesti\u00f3n, el Gobierno Provincial ha asumido el firme compromiso de promover las acciones tendientes a incrementar el grado de transparencia en la Administraci\u00f3n P\u00fablica, y en tal sentido, la publicidad de la Declaraci\u00f3n Jurada Patrimonial es una de las herramientas esenciales para transparentar el accionar de las personas que ejercen una funci\u00f3n p\u00fablica como fuente de autoridad y ejemplaridad social. (Considerandos del Decreto 1634\/17)\u00bb<\/h5>\n<p>&nbsp;<\/p>\n<p style=\"text-align: center;\"><a class=\"fasc-button fasc-size-large fasc-type-popout fasc-rounded-medium fasc-ico-before dashicons-media-document fasc-style-italic\" style=\"background-color: #33809e; color: #ffffff;\" href=\"http:\/\/www.legistdf.gob.ar\/index.php\/descargar-decreto-n-1634-17\/\">Decreto N\u00b0 1634\/17<\/a>&nbsp; &nbsp;&nbsp;<em><a class=\"fasc-button fasc-size-large fasc-type-popout fasc-rounded-medium fasc-ico-before dashicons-media-document fasc-style-italic\" style=\"background-color: #33809e; color: #ffffff;\" href=\"http:\/\/www.legistdf.gob.ar\/index.php\/equipo\/arcando-juan-carlos\/\">DDJJ Vicegobernador<\/a><\/em><\/p>\n","protected":false},"excerpt":{"rendered":"<p>\u00abDesde el inicio mismo de su gesti\u00f3n, el Gobierno Provincial ha asumido el firme compromiso de promover las acciones tendientes a incrementar el grado de transparencia en la Administraci\u00f3n P\u00fablica, y en tal sentido, la publicidad de la Declaraci\u00f3n Jurada Patrimonial es una de las herramientas esenciales para transparentar el accionar de las personas que [&hellip;]<\/p>\n","protected":false},"author":1,"featured_media":0,"parent":0,"menu_order":0,"comment_status":"closed","ping_status":"closed","template":"","meta":{"jetpack_post_was_ever_published":false,"footnotes":""},"class_list":["post-5753","page","type-page","status-publish","hentry"],"jetpack_sharing_enabled":true,"_links":{"self":[{"href":"https:\/\/www.legistdf.gob.ar\/index.php\/wp-json\/wp\/v2\/pages\/5753","targetHints":{"allow":["GET"]}}],"collection":[{"href":"https:\/\/www.legistdf.gob.ar\/index.php\/wp-json\/wp\/v2\/pages"}],"about":[{"href":"https:\/\/www.legistdf.gob.ar\/index.php\/wp-json\/wp\/v2\/types\/page"}],"author":[{"embeddable":true,"href":"https:\/\/www.legistdf.gob.ar\/index.php\/wp-json\/wp\/v2\/users\/1"}],"replies":[{"embeddable":true,"href":"https:\/\/www.legistdf.gob.ar\/index.php\/wp-json\/wp\/v2\/comments?post=5753"}],"version-history":[{"count":13,"href":"https:\/\/www.legistdf.gob.ar\/index.php\/wp-json\/wp\/v2\/pages\/5753\/revisions"}],"predecessor-version":[{"id":5881,"href":"https:\/\/www.legistdf.gob.ar\/index.php\/wp-json\/wp\/v2\/pages\/5753\/revisions\/5881"}],"wp:attachment":[{"href":"https:\/\/www.legistdf.gob.ar\/index.php\/wp-json\/wp\/v2\/media?parent=5753"}],"curies":[{"name":"wp","href":"https:\/\/api.w.org\/{rel}","templated":true}]}}