{"id":6352,"date":"2018-03-21T12:14:05","date_gmt":"2018-03-21T15:14:05","guid":{"rendered":"http:\/\/www.legistdf.gob.ar\/?page_id=6352"},"modified":"2024-02-28T14:39:15","modified_gmt":"2024-02-28T17:39:15","slug":"contacto","status":"publish","type":"page","link":"https:\/\/www.legistdf.gob.ar\/index.php\/contacto\/","title":{"rendered":"Contacto"},"content":{"rendered":"<table style=\"height: 132px;\" border=\"\">\n<tbody>\n<tr style=\"height: 22px;\">\n<td style=\"text-align: center; height: 22px; width: 425px;\"><span style=\"font-size: 10pt;\"><strong>SECTORES<\/strong><\/span><\/td>\n<td style=\"text-align: center; height: 22px; width: 168px;\"><span style=\"font-size: 10pt;\"><strong>DOMICILIO<\/strong><\/span><\/td>\n<td style=\"text-align: center; height: 22px; width: 151px;\"><span style=\"font-size: 10pt;\"><strong>TEL\u00c9FONO<\/strong><\/span><\/td>\n<\/tr>\n<tr style=\"height: 22px;\">\n<td style=\"text-align: center; height: 22px; width: 425px;\"><span style=\"font-size: 10pt;\">Secretaria Legislativa y Bloques Pol\u00edticos<\/span><\/td>\n<td style=\"text-align: center; height: 22px; width: 168px;\"><span style=\"font-size: 10pt;\">San Mart\u00edn\u00a01431<\/span><\/td>\n<td style=\"text-align: center; height: 22px; width: 151px;\"><span style=\"font-size: 10pt;\">02901 &#8211; 432900<\/span><\/td>\n<\/tr>\n<tr style=\"height: 22px;\">\n<td style=\"text-align: center; height: 22px; width: 425px;\"><span style=\"font-size: 10pt;\">Secretaria Administrativa, Tecnolog\u00eda e Imprenta<\/span><\/td>\n<td style=\"text-align: center; height: 22px; width: 168px;\"><span style=\"font-size: 10pt;\">25 de Mayo 184<\/span><\/td>\n<td style=\"text-align: center; height: 22px; width: 151px;\"><span style=\"font-size: 10pt;\">02901 &#8211; 422731<\/span><\/td>\n<\/tr>\n<tr style=\"height: 22px;\">\n<td style=\"text-align: center; height: 22px; width: 425px;\"><span style=\"font-size: 10pt;\">Presidencia y Ceremonial &#8211; Protocolo<\/span><\/td>\n<td style=\"text-align: center; height: 22px; width: 168px;\"><span style=\"font-size: 10pt;\">Maip\u00fa 1495<\/span><\/td>\n<td style=\"text-align: center; height: 22px; width: 151px;\"><span style=\"font-size: 10pt;\">02901 &#8211; 433844<\/span><\/td>\n<\/tr>\n<tr>\n<td style=\"text-align: center; width: 425px;\">Direcci\u00f3n de Prensa y Difusi\u00f3n Institucional<span style=\"font-size: 10pt;\"><br \/>\n<\/span><\/td>\n<td style=\"text-align: center; width: 168px;\"><span style=\"font-size: 10pt;\">San Mart\u00edn 1433 (PB)<\/span><\/td>\n<td style=\"text-align: center; width: 151px;\"><span style=\"font-size: 10pt;\">02964 &#8211; 15476230<\/span><\/td>\n<\/tr>\n<tr style=\"height: 22px;\">\n<td style=\"text-align: center; height: 22px; width: 425px;\"><span style=\"font-size: 10pt;\">Recinto<\/span><\/td>\n<td style=\"text-align: center; height: 22px; width: 168px;\"><span style=\"font-size: 10pt;\">Yaganes 683<\/span><\/td>\n<td style=\"text-align: center; height: 22px; width: 151px;\"><span style=\"font-size: 10pt;\">02901 &#8211; 430549\u00a0<\/span><\/td>\n<\/tr>\n<tr>\n<td style=\"text-align: center; width: 425px;\"><span style=\"font-size: 10pt;\">Asesor\u00eda Letrada<\/span><\/td>\n<td style=\"text-align: center; width: 168px;\"><span style=\"font-size: 10pt;\">Maip\u00fa 1319<\/span><\/td>\n<td style=\"text-align: center; width: 151px;\"><span style=\"font-size: 10pt;\">02901 &#8211; 436302<\/span><\/td>\n<\/tr>\n<tr style=\"height: 22px;\">\n<td style=\"text-align: center; height: 22px; width: 425px;\"><span style=\"font-size: 10pt;\">Delegaci\u00f3n R\u00edo Grande<\/span><\/td>\n<td style=\"text-align: center; height: 22px; width: 168px;\"><span style=\"font-size: 10pt;\">Perito Moreno 187<\/span><\/td>\n<td style=\"text-align: center; height: 22px; width: 151px;\"><span style=\"font-size: 10pt;\">02964 &#8211; 430251<\/span><\/td>\n<\/tr>\n<\/tbody>\n<\/table>\n","protected":false},"excerpt":{"rendered":"<p>SECTORES DOMICILIO TEL\u00c9FONO Secretaria Legislativa y Bloques Pol\u00edticos San Mart\u00edn\u00a01431 02901 &#8211; 432900 Secretaria Administrativa, Tecnolog\u00eda e Imprenta 25 de Mayo 184 02901 &#8211; 422731 Presidencia y Ceremonial &#8211; Protocolo Maip\u00fa 1495 02901 &#8211; 433844 Direcci\u00f3n de Prensa y Difusi\u00f3n Institucional San Mart\u00edn 1433 (PB) 02964 &#8211; 15476230 Recinto Yaganes 683 02901 &#8211; 430549\u00a0 Asesor\u00eda [&hellip;]<\/p>\n","protected":false},"author":1,"featured_media":0,"parent":0,"menu_order":0,"comment_status":"closed","ping_status":"closed","template":"","meta":{"footnotes":""},"class_list":["post-6352","page","type-page","status-publish","hentry"],"jetpack_sharing_enabled":true,"_links":{"self":[{"href":"https:\/\/www.legistdf.gob.ar\/index.php\/wp-json\/wp\/v2\/pages\/6352","targetHints":{"allow":["GET"]}}],"collection":[{"href":"https:\/\/www.legistdf.gob.ar\/index.php\/wp-json\/wp\/v2\/pages"}],"about":[{"href":"https:\/\/www.legistdf.gob.ar\/index.php\/wp-json\/wp\/v2\/types\/page"}],"author":[{"embeddable":true,"href":"https:\/\/www.legistdf.gob.ar\/index.php\/wp-json\/wp\/v2\/users\/1"}],"replies":[{"embeddable":true,"href":"https:\/\/www.legistdf.gob.ar\/index.php\/wp-json\/wp\/v2\/comments?post=6352"}],"version-history":[{"count":25,"href":"https:\/\/www.legistdf.gob.ar\/index.php\/wp-json\/wp\/v2\/pages\/6352\/revisions"}],"predecessor-version":[{"id":41755,"href":"https:\/\/www.legistdf.gob.ar\/index.php\/wp-json\/wp\/v2\/pages\/6352\/revisions\/41755"}],"wp:attachment":[{"href":"https:\/\/www.legistdf.gob.ar\/index.php\/wp-json\/wp\/v2\/media?parent=6352"}],"curies":[{"name":"wp","href":"https:\/\/api.w.org\/{rel}","templated":true}]}}