{"id":77,"date":"2016-11-02T00:17:49","date_gmt":"2016-11-02T00:17:49","guid":{"rendered":"http:\/\/www.legistdf.gob.ar\/?page_id=77"},"modified":"2016-11-02T00:17:49","modified_gmt":"2016-11-02T00:17:49","slug":"la-legislatura","status":"publish","type":"page","link":"https:\/\/www.legistdf.gob.ar\/index.php\/la-legislatura\/","title":{"rendered":"La Legislatura"},"content":{"rendered":"<h1 style=\"font-weight: 500; text-align: center;\">Rese\u00f1a<\/h1>\n<p style=\"text-align: center;\"><b><strong>BREVE RESE\u00d1A DE LA EVOLUCI\u00d3N NORMATIVA DE LA TIERRA DEL FUEGO,<\/strong><\/b><\/p>\n<p style=\"text-align: center;\"><b><strong>ANT\u00c1RTIDA E ISLAS DEL ATL\u00c1NTICO SUR.<\/strong><\/b><\/p>\n<p>&nbsp;<\/p>\n<p>En el a\u00f1o 1957, en ejercicio del Poder Legislativo, el Presidente de Facto Pedro E. Aramburu dict\u00f3 el Decreto Ley 2191, a fin de establecer y organizar el Territorio Nacional de la Tierra del Fuego, Ant\u00e1rtida e Islas del Atl\u00e1ntico Sur.<\/p>\n<p style=\"text-align: justify;\">De acuerdo con lo dispuesto por el art. 15 de la citada norma, una vez que el Registro Nacional de Electores contara con m\u00e1s de tres mil inscriptos en el Territorio, se instalar\u00eda una Legislatura local electiva.<\/p>\n<p style=\"text-align: justify;\">En el a\u00f1o 1972 el n\u00famero de inscriptos en esta jurisdicci\u00f3n superaba la cifra indicada. Sin embargo, el Poder Ejecutivo Nacional, mediante la ley 19.970, hab\u00eda decidido suspender la constituci\u00f3n de la legislatura local, por estimar que la dimensi\u00f3n de este \u00f3rgano legislativo no guardaba equilibrada proporci\u00f3n con la escasa poblaci\u00f3n existente.<\/p>\n<p style=\"text-align: justify;\">Por tal motivo, y hasta que se concret\u00f3 la instalaci\u00f3n de la Legislatura, el Gobernador del Territorio Nacional &#8211; en uso de las facultades conferidas por la ley 19.019 y el Decreto Nacional N\u00ba 717\/71 &#8211; sancion\u00f3 y promulg\u00f3 las primeras leyes que habr\u00edan de regir el Territorio: <b><strong>Ley N\u00ba 1 a Ley N\u00ba 215.<\/strong><\/b><\/p>\n<p style=\"text-align: justify;\">Fue reci\u00e9n en el a\u00f1o l983, cuando &#8211; mediante la Ley N\u00ba 22.847 de Convocatoria Electoral &#8211; se concret\u00f3 la instalaci\u00f3n de la Legislatura del Territorio Nacional de la Tierra del Fuego, Ant\u00e1rtida e Islas del Atl\u00e1ntico Sur.<\/p>\n<p style=\"text-align: justify;\">Por su parte, el Poder Ejecutivo Nacional, mediante Decreto N\u00ba 1255 del 21 de julio de 1983, convoc\u00f3 al electorado del Territorio para que el d\u00eda 30 de octubre de l983 eligiera, entre otras autoridades, quince miembros de la Legislatura Territorial y ocho suplentes.<\/p>\n<p style=\"text-align: justify;\">Por ello, la primera ley sancionada por los aut\u00e9nticos representantes del electorado fueguino, fue la ley de Ministerios que llev\u00f3 el N\u00ba 216.<\/p>\n<p style=\"text-align: justify;\">De aqu\u00ed en adelante y durante ocho per\u00edodos legislativos se dictaron doscientas ochenta y tres leyes: <b><strong>ley N\u00ba 216 a 498<\/strong><\/b>, sancionadas por la Honorable Legislatura Territorial.<\/p>\n<p style=\"text-align: justify;\">A\u00f1os m\u00e1s tarde &#8211; el 26 de abril de 1990 &#8211; la ley N\u00ba 23.775 declar\u00f3 Provincia al entonces Territorio Nacional.<\/p>\n<p style=\"text-align: justify;\">Mediante Decreto N\u00ba 1491 del 3 de agosto de 1990 el Poder Ejecutivo Nacional convoc\u00f3 al electorado de Tierra del Fuego con el objeto de elegir diecinueve (19) convencionales constituyentes, quienes elaboraron la Constituci\u00f3n que hoy rige los destinos de esta nueva Provincia, sancionada y promulgada el 17 de mayo de 1991.<\/p>\n<p style=\"text-align: justify;\">Con fecha 24 de julio de 1991, mediante Decreto Nacional N\u00ba 1381, se convoc\u00f3 a elecciones de autoridades provinciales, las que asumieron al amparo de la nueva Constituci\u00f3n.<\/p>\n<p style=\"text-align: justify;\">El 17 de diciembre de 1991 se constituy\u00f3 la Primera Legislatura Provincial y con el n\u00famero 1 se identific\u00f3 la primera ley provincial. Hasta la fecha se sancionaron, promulgaron y publicaron <b><strong>1076\u00a0<\/strong><\/b>leyes.<\/p>\n<p style=\"text-align: justify;\">Con la intenci\u00f3n de poner al alcance de la comunidad el conjunto de normas que han regido y\/o rigen en esta Tierra del Fuego, se ha elaborado esta publicaci\u00f3n en soporte magn\u00e9tico que contiene \u2013 con texto completo \u2013 la Constituci\u00f3n Nacional, la ley nacional N\u00ba 23.775 de Provincializaci\u00f3n, la Constituci\u00f3n Provincial y la totalidad de las leyes territoriales y provinciales dictadas hasta la fecha, las que \u2013 sin perjuicio de la vigencia que cada una de ellas pueda detentar y que ir\u00e1 variando a lo largo del tiempo \u2013 revisten el car\u00e1cter de documento hist\u00f3rico.<\/p>\n<p style=\"text-align: right;\">Ushuaia, Mayo\u00a02016<\/p>\n<p style=\"text-align: right;\">Mart\u00edn Dalmazzo<\/p>\n<p style=\"text-align: right;\">Direcci\u00f3n Legislativa<\/p>\n<p style=\"text-align: right;\">Emanuel Guardia<\/p>\n<p style=\"text-align: right;\">Jefe Dpto. Inform\u00e1tica Jur\u00eddica<\/p>\n","protected":false},"excerpt":{"rendered":"<p>Rese\u00f1a BREVE RESE\u00d1A DE LA EVOLUCI\u00d3N NORMATIVA DE LA TIERRA DEL FUEGO, ANT\u00c1RTIDA E ISLAS DEL ATL\u00c1NTICO SUR. &nbsp; En el a\u00f1o 1957, en ejercicio del Poder Legislativo, el Presidente de Facto Pedro E. Aramburu dict\u00f3 el Decreto Ley 2191, a fin de establecer y organizar el Territorio Nacional de la Tierra del Fuego, Ant\u00e1rtida [&hellip;]<\/p>\n","protected":false},"author":1,"featured_media":0,"parent":0,"menu_order":0,"comment_status":"closed","ping_status":"closed","template":"","meta":{"jetpack_post_was_ever_published":false,"footnotes":""},"class_list":["post-77","page","type-page","status-publish","hentry"],"jetpack_sharing_enabled":true,"_links":{"self":[{"href":"https:\/\/www.legistdf.gob.ar\/index.php\/wp-json\/wp\/v2\/pages\/77","targetHints":{"allow":["GET"]}}],"collection":[{"href":"https:\/\/www.legistdf.gob.ar\/index.php\/wp-json\/wp\/v2\/pages"}],"about":[{"href":"https:\/\/www.legistdf.gob.ar\/index.php\/wp-json\/wp\/v2\/types\/page"}],"author":[{"embeddable":true,"href":"https:\/\/www.legistdf.gob.ar\/index.php\/wp-json\/wp\/v2\/users\/1"}],"replies":[{"embeddable":true,"href":"https:\/\/www.legistdf.gob.ar\/index.php\/wp-json\/wp\/v2\/comments?post=77"}],"version-history":[{"count":1,"href":"https:\/\/www.legistdf.gob.ar\/index.php\/wp-json\/wp\/v2\/pages\/77\/revisions"}],"predecessor-version":[{"id":78,"href":"https:\/\/www.legistdf.gob.ar\/index.php\/wp-json\/wp\/v2\/pages\/77\/revisions\/78"}],"wp:attachment":[{"href":"https:\/\/www.legistdf.gob.ar\/index.php\/wp-json\/wp\/v2\/media?parent=77"}],"curies":[{"name":"wp","href":"https:\/\/api.w.org\/{rel}","templated":true}]}}